{"id":2,"date":"2022-04-18T14:27:02","date_gmt":"2022-04-18T14:27:02","guid":{"rendered":"http:\/\/elirreverente.locomociontv.org\/?page_id=2"},"modified":"2022-04-19T21:17:18","modified_gmt":"2022-04-20T00:17:18","slug":"sample-page","status":"publish","type":"page","link":"http:\/\/elirreverente.locomociontv.org\/?page_id=2","title":{"rendered":"Acerca de&#8230;"},"content":{"rendered":"\n<figure class=\"wp-block-image size-large\"><img loading=\"lazy\" width=\"1024\" height=\"576\" src=\"http:\/\/elirreverente.locomociontv.org\/wp-content\/uploads\/2022\/04\/pelamax05-1024x576.jpg\" alt=\"\" class=\"wp-image-26\" srcset=\"http:\/\/elirreverente.locomociontv.org\/wp-content\/uploads\/2022\/04\/pelamax05-1024x576.jpg 1024w, http:\/\/elirreverente.locomociontv.org\/wp-content\/uploads\/2022\/04\/pelamax05-300x169.jpg 300w, http:\/\/elirreverente.locomociontv.org\/wp-content\/uploads\/2022\/04\/pelamax05-768x432.jpg 768w, http:\/\/elirreverente.locomociontv.org\/wp-content\/uploads\/2022\/04\/pelamax05-1536x864.jpg 1536w, http:\/\/elirreverente.locomociontv.org\/wp-content\/uploads\/2022\/04\/pelamax05.jpg 1920w\" sizes=\"(max-width: 1024px) 100vw, 1024px\" \/><\/figure>\n\n\n\n<p>Este espacio es donde de miles de maneras me expreso, debato, cuestiono, etc\u00e9tera todo lo que pasa, pas\u00f3 y pasar\u00e1. Espero les guste.<\/p>\n\n\n<div class=\"fb-page\" data-href=\"https:\/\/www.facebook.com\/elirreverenteba\" data-width=\"700\" data-hide-cover=\"false\" data-show-facepile=\"true\" data-show-posts=\"true\"><div class=\"fb-xfbml-parse-ignore\"><blockquote cite=\"https:\/\/www.facebook.com\/elirreverenteba\"><a href=\"https:\/\/www.facebook.com\/elirreverenteba\">Facebook<\/a><\/blockquote><\/div><\/div>\n\n\n\n<p><\/p>\n<p>Hits: 0<\/p>","protected":false},"excerpt":{"rendered":"<p>Este espacio es donde de miles de maneras me expreso, debato, cuestiono, etc\u00e9tera todo lo que pasa, pas\u00f3 y pasar\u00e1. Espero les guste. Hits: 0<\/p>\n","protected":false},"author":1,"featured_media":0,"parent":0,"menu_order":0,"comment_status":"closed","ping_status":"open","template":"","meta":{"om_disable_all_campaigns":false,"_monsterinsights_skip_tracking":false,"_monsterinsights_sitenote_active":false,"_monsterinsights_sitenote_note":"","_monsterinsights_sitenote_category":0},"_links":{"self":[{"href":"http:\/\/elirreverente.locomociontv.org\/index.php?rest_route=\/wp\/v2\/pages\/2"}],"collection":[{"href":"http:\/\/elirreverente.locomociontv.org\/index.php?rest_route=\/wp\/v2\/pages"}],"about":[{"href":"http:\/\/elirreverente.locomociontv.org\/index.php?rest_route=\/wp\/v2\/types\/page"}],"author":[{"embeddable":true,"href":"http:\/\/elirreverente.locomociontv.org\/index.php?rest_route=\/wp\/v2\/users\/1"}],"replies":[{"embeddable":true,"href":"http:\/\/elirreverente.locomociontv.org\/index.php?rest_route=%2Fwp%2Fv2%2Fcomments&post=2"}],"version-history":[{"count":3,"href":"http:\/\/elirreverente.locomociontv.org\/index.php?rest_route=\/wp\/v2\/pages\/2\/revisions"}],"predecessor-version":[{"id":21907,"href":"http:\/\/elirreverente.locomociontv.org\/index.php?rest_route=\/wp\/v2\/pages\/2\/revisions\/21907"}],"wp:attachment":[{"href":"http:\/\/elirreverente.locomociontv.org\/index.php?rest_route=%2Fwp%2Fv2%2Fmedia&parent=2"}],"curies":[{"name":"wp","href":"https:\/\/api.w.org\/{rel}","templated":true}]}}