{"id":21962,"date":"2022-05-21T15:47:39","date_gmt":"2022-05-21T18:47:39","guid":{"rendered":"http:\/\/elirreverente.locomociontv.org\/?page_id=21962"},"modified":"2022-05-21T15:47:39","modified_gmt":"2022-05-21T18:47:39","slug":"noticias-de-la-argentina-en-google","status":"publish","type":"page","link":"http:\/\/elirreverente.locomociontv.org\/?page_id=21962","title":{"rendered":"Noticias de la Argentina en Google"},"content":{"rendered":"<ul class=\"wp-block-rss\"><li class='wp-block-rss__item'><div class='wp-block-rss__item-title'><a href='https:\/\/news.google.com\/rss\/articles\/CBMiwwFBVV95cUxQNTI1ejc5Y3VMTnU3UXdOaEV0ZjQyREpVcEcyYS1NQS1XY002MUF0VzRtWjUzdWkxanNqZFBlMGE3RnRNSnByOGtsWktnUG9iTW5TOWVzWXFLSjgwYUgzYWZPNTd5eTdrRFlPRk9ybEdzRmlWRjRPSC1wRi1MTjRMMW44UGpHVTZKQkU3RWVxRHUyUTRpcDJWQW1DOGpoLVZEenNuS3c0LWFha1JwZHFHSTJ4X3FhaWdnbFc3V3c1WG5ZZFXSAdcBQVVfeXFMT0V3Y2NfQ29TZmRfdjhXak9Jb0NDZEVLa2dvY1YxazJwaVVMTU5EWGFmdWo1cHI5YUtqWjAtX3NlYjl4UWFLcTF4ZllkdmlZenlkU0FwNUM5STcwOVJVdGJtWDMxdm9kei1DMXJJallYOHYycGhTQl9Pd1NLRHVGalFOOE1lU2hzczRkVlByaUgzLTN3bmtiUkM5X3ExWVRkc1NiOERxaFNiajVBWDNEdWJIeWZ5cUpwQUYydEdDU3F4SjhVajV4VUJ0UXlvTjl1WW42WDdURk0?oc=5'>Amenazas de tiroteos en escuelas: demoraron a un adolescente de 16 a\u00f1os en Carapachay &#8211; TN<\/a><\/div><time datetime=\"\" class=\"wp-block-rss__item-publish-date\">17 abril, 2026<\/time> <div class=\"wp-block-rss__item-excerpt\">Amenazas de tiroteos en escuelas: demoraron a un adolescente de 16 a\u00f1os en Carapachay\u00a0\u00a0TNVer cobertura completa en Google\u00a0Noticias<\/div><\/li><li class='wp-block-rss__item'><div class='wp-block-rss__item-title'><a href='https:\/\/news.google.com\/rss\/articles\/CBMi5AFBVV95cUxOeV92MDlYZkgwUDU1d1NHVmZ4Y19qZzJRN044elVRdlBuOGRiSy1VdTdFTEtXUVRiU21pY0hCUHZTeXRrNjhNeFg5RVVoV0VMVjVWazE5c0ktU2dhTU8tMThsMF9Cb0tzOWNOLUJwNzFTcEtaelYtTUJqc2wyMXZTM0M5WjZ5YkJHc2JyTUozZ0ZHam9PaWZZQkRJak1CQ3dtNzJVQWRwRHlMN2VUTktaWEdxX0xuUnhyY0ExSWFDX3NIVzJ2aE5KV01kWnBrR0dMWGdMeWNRdi1qZVdNMENWaVl5ZU0?oc=5'>Ley de propiedad privada: \u201cSi se aprueba el proyecto, se habilita a que se inicien desalojos en villas y asentamientos de todo el pa\u00eds\u201d &#8211; La Naci\u00f3n<\/a><\/div><time datetime=\"\" class=\"wp-block-rss__item-publish-date\">17 abril, 2026<\/time> <div class=\"wp-block-rss__item-excerpt\">Ley de propiedad privada: \u201cSi se aprueba el proyecto, se habilita a que se inicien desalojos en villas y asentamientos de todo el pa\u00eds\u201d\u00a0\u00a0La Naci\u00f3nLey de inviolabilidad de la propiedad privada y alquileres: plazos m\u00e1s cortos, desalojos m\u00e1s r\u00e1pidos y mercado en alerta\u00a0\u00a0AmbitoUna agrupaci\u00f3n de inquilinos expres\u00f3 su preocupaci\u00f3n por los \u201cdesalojos r\u00e1pidos\u201d que propone la nueva ley de propiedad privada\u00a0\u00a0InfobaeLa pol\u00e9mica por &quot;la carne de burro&quot; se col\u00f3 en un \u00e1spero debate en el Senado por el proyecto de propiedad privada\u00a0\u00a0Clarin.comTensos cruces en el Senado por la ley de propiedad privada entre oficialismo y oposici\u00f3n\u00a0\u00a0BAE Negocios<\/div><\/li><li class='wp-block-rss__item'><div class='wp-block-rss__item-title'><a href='https:\/\/news.google.com\/rss\/articles\/CBMixwFBVV95cUxNWGVYcmJIRmNYYktyUmZkUEdPRzVzTDBTZmRCdm90MGVQSkJ4WnBla09ORVlfNTI5VnpsMjV2LXlUZUFQTjB0Rjc2ZkFmNC1jaENsLWdYUkJlVVFzNHI3YUpUZWpodS1KWWNHSHFkM2JINTJ4WHRVZnYyLXdPMUhsSWFyUlhyN1M3SWhySmlKWFY2NVVKUWlSMEk5bERaZHhXY0lZSFNibWMzWkkzZGEtYWs2RkhXTmJrTER1SlB6aTF3c2dObF9R0gHMAUFVX3lxTE9RNm05NGtmbHAzenZQRjcwN3AxMFhoT2NvLTFveFdBMlVUR0NrNDV0SjNVMzQxczN5UVFzcWp4NXg3bm1BQmZ6VW1qWEU2dm4tUVQ3TkxEeVY3ZzJfRGZyOEd6c2Rlcm9DMmpRclJGeWRmMmtJLVRGVG1ncG5BeENLbVRHeTc1RS1zdUowSm9sY0VYLTA0WEhRNlh0X0J2NnE1XzQ4SHE4VFQ5WXdGXzRrNEhPeG9aeExtTG80b25kR2E5VG9MbTRmdjByMA?oc=5'>Crimen de City Bell: detuvieron a los dos adolescentes acusados por la muerte de un hombre de 48 a\u00f1os &#8211; 0221<\/a><\/div><time datetime=\"\" class=\"wp-block-rss__item-publish-date\">17 abril, 2026<\/time> <div class=\"wp-block-rss__item-excerpt\">Crimen de City Bell: detuvieron a los dos adolescentes acusados por la muerte de un hombre de 48 a\u00f1os\u00a0\u00a00221Mataron a cuchillazos a un hombre en City Bell: ambos atacantes son menores, uno no punible\u00a0\u00a0Diario El D\u00eda de La PlataLa Plata se desangra: feroz crimen en City Bell con dos menores detenidos\u00a0\u00a0El Editor PlatenseCrimen en City Bell: dos adolescentes fueron aprehendidos por el homicidio de un hombre\u00a0\u00a0La Plata 1Homicidio en La Plata: Mataron a un hombre en City Bell y hay dos detenidos\u00a0\u00a0La Buena Info<\/div><\/li><li class='wp-block-rss__item'><div class='wp-block-rss__item-title'><a href='https:\/\/news.google.com\/rss\/articles\/CBMiuwFBVV95cUxORHU3VlhIbjY5M2Z2OUMxOVBVNEZHR2l6Q2p0T2FnVzJudmVPdHFZODBKaFBPZ0llQnJraERweTRjeGpwcnVTUGVxODgxRERKaHV1QVlkMThnXzV3SWl6T3BWN05Vanp4S3BwQl9vMW9IVllJUzMwYS14UmZad2VrWXVLZVJfUDJFaEw5TUx5elNDYktHUkp0N1Z5QVQ3a3FHTWkwdWZqckc5RlJjdEFnWmdZQlBoejVicThn0gHAAUFVX3lxTE5jdGllX0xyOHhEdDRHaXJaZWVpM0FoS1Nfb1hnYUoxOE5PNEhMSUhSTnBsY2FkcWJ4WkFjdXZYODdwaHlab2RRUGd1b1VVX3NCY3otaFpIeUp1aVVYQmpVNXpHczh0a1ZNejZhUko2TDdLQWctMTVrUlJZcXlpVHNqOVAycVJDZ2gtOWZ5S1hrMy1FWk1rQlF3dy1BM1FUUHBvWHhsMVZ0X25OU0ZwSUJPRzBwUmQyNEJ6UkFteExJSw?oc=5'>Peaje en el Acceso Este: Mema adelant\u00f3 d\u00f3nde estar\u00e1 el principal punto de cobro &#8211; Diario UNO<\/a><\/div><time datetime=\"\" class=\"wp-block-rss__item-publish-date\">17 abril, 2026<\/time> <div class=\"wp-block-rss__item-excerpt\">Peaje en el Acceso Este: Mema adelant\u00f3 d\u00f3nde estar\u00e1 el principal punto de cobro\u00a0\u00a0Diario UNOTransferencia de rutas nacionales: Pullaro espera m\u00e1s definiciones sobre la A012\u00a0\u00a0Gobierno de Santa FeUna por una, las rutas nacionales habilitadas a cobrar peaje tras el decreto del Gobierno\u00a0\u00a0Clarin.comSali\u00f3 el decreto: Mendoza qued\u00f3 autorizada para cobrar peajes en las rutas nacionales\u00a0\u00a0Los AndesJavier Milei cede y delega la gesti\u00f3n de rutas nacionales a gobernadores aliados\u00a0\u00a0Letra P<\/div><\/li><li class='wp-block-rss__item'><div class='wp-block-rss__item-title'><a href='https:\/\/news.google.com\/rss\/articles\/CBMi2wFBVV95cUxNc0lReG5pd1U1VjF0X2RRSU41TE5yUEgtSThhU2Q2TkhZTXlwMmNaLUc5R0JQZ095OFdERDJ6OExDZ2d4UlptN2FFVXZ4czZWTVZCUHRZYTQ2eXdnd0dfd2VBTVFFSjdGVkROYkNULTl0eDdsbGJPV3pTODJiZjQ2YzVpLTVGWVZrMVhLVVlPSUtiaXZSNnJJcjlKaE12UUJwaGRYNVBpb0ExTElCODRwUVctallTUTlDZTlheDJJWW5RTW5EeFZPVG1NOVRQb0xETXg4RFlaSXNKZDA?oc=5'>Tensi\u00f3n en el centro: a la amenaza de tiroteo, sumaron una de bomba y debieron evacuar una escuela &#8211; 0223.com.ar<\/a><\/div><time datetime=\"\" class=\"wp-block-rss__item-publish-date\">17 abril, 2026<\/time> <div class=\"wp-block-rss__item-excerpt\">Tensi\u00f3n en el centro: a la amenaza de tiroteo, sumaron una de bomba y debieron evacuar una escuela\u00a0\u00a00223.com.arAmenazas en escuelas: activan protocolos de seguridad y advierten que \u201cno es una broma, es un delito penal\u201d\u00a0\u00a0Berisso CiudadAmenaza de bomba en una escuela t\u00e9cnica: evacuaron alumnos y cortaron el tr\u00e1nsito en pleno centro\u00a0\u00a0AHORA Mar del PlataAmenaza en un colegio de Avellaneda: miedo, protocolos y una comunidad educativa en alerta\u00a0\u00a0Big Bang! NewsLa ola de amenazas de \u201ctiroteo\u201d en escuelas tambi\u00e9n lleg\u00f3 a Gualeguaych\u00fa\u00a0\u00a0M\u00e1xima Online<\/div><\/li><li class='wp-block-rss__item'><div class='wp-block-rss__item-title'><a href='https:\/\/news.google.com\/rss\/articles\/CBMitgFBVV95cUxNbzZKemNVT2ppR2E2VGJxWkN4MWFhQjdYeTZyUUZjaUI3ZnB6OGRMcW9nb1hHY3hXc3BKQi1ZQVp5RGR5RjV2Z19IRjQ5X2pyMi1MLVBJWVl5cWY5bC00djJlM2VqQk1YQ3poWTFudkdpTy1lcS1KR3RUQkZka0FSZm9XTTk2V2hRenlMQlhKNVVaY3pDU0tISzRiT2NfTHBVQXpjQ0xqRmRfS0RZbC00bkJCbUpoQQ?oc=5'>Caos de tr\u00e1nsito en la Ruta 3: chocaron una camioneta con colmenas y un cami\u00f3n &#8211; La Br\u00fajula 24<\/a><\/div><time datetime=\"\" class=\"wp-block-rss__item-publish-date\">17 abril, 2026<\/time> <div class=\"wp-block-rss__item-excerpt\">Caos de tr\u00e1nsito en la Ruta 3: chocaron una camioneta con colmenas y un cami\u00f3n\u00a0\u00a0La Br\u00fajula 24Ruta 3: choque sin heridos en la zona del puesto fitosanitario\u00a0\u00a0La Nueva ProvinciaRuta 3: Choque de una camioneta con colmenas y un cami\u00f3n provoc\u00f3 un colapso de tr\u00e1nsito de varias horas\u00a0\u00a0LU24 Radio Tres ArroyosChoque entre camioneta con colmenas y cami\u00f3n genera demoras en la Ruta 3\u00a0\u00a0Canal Siete Bah\u00eda BlancaCaos en la Ruta 3: Trabajos de bacheo y demoras kilom\u00e9tricas entre Cerri y M\u00e9danos\u00a0\u00a0La Nueva Provincia<\/div><\/li><li class='wp-block-rss__item'><div class='wp-block-rss__item-title'><a href='https:\/\/news.google.com\/rss\/articles\/CBMiqAFBVV95cUxPZTZzOUIxZ0FwY0l6M3F1ckppbHN5Tm1wM25XSEJqV3RTVUZuZ2lCb0paZWZCQXFGMzlhN3B0S3FFYWUtWkdPSEVfQUJHamExSEFLSVdzOFJPaWxUSnNIREo1dzkzdDVhdXhrS01JN2dRNzQwUDM1eV9sYkhqRGpVZmw2OEs3RmRmQ2RiZ01DVUJtY3FMZVUtRWtjbVNWcFRLOFhGcm9UVnbSAa4BQVVfeXFMTlZGdWhTWlJoeWdOdDVBT200NFpyV0F3LUI0S0IxcExxc2hkT1k2dUROMWg5WWxVZWNOcnNFR3Ftb0dDbjBQUW5lczZ6eU5seDBGWkV0WEoyMDZkVEVBVUw4Z3JGQ0dMSWxvSkwzS3prZEZqVE1XUWhybnl5SkpBMG1BNk5rUEhyaHlqSEYtSzVBaWx5YU00anF4UmtxT0FTZU5UYXF6Nmo4X292OC1R?oc=5'>Est\u00e1 en venta otro departamento de Manuel Adorni: c\u00f3mo es y cu\u00e1nto vale &#8211; Ambito<\/a><\/div><time datetime=\"\" class=\"wp-block-rss__item-publish-date\">17 abril, 2026<\/time> <div class=\"wp-block-rss__item-excerpt\">Est\u00e1 en venta otro departamento de Manuel Adorni: c\u00f3mo es y cu\u00e1nto vale\u00a0\u00a0AmbitoAdorni modifica a destiempo su declaraci\u00f3n jurada, pero lo descubren\u00a0\u00a0P\u00e1gina|12Adorni declarar\u00eda una herencia de su padre, que falleci\u00f3 en 2002, para justificar sus cuantiosos gastos\u00a0\u00a0Cr\u00f3nicaAdorni no hab\u00eda declarado ante la OA la casa del country: la agreg\u00f3 ahora a su presentaci\u00f3n, un a\u00f1o tarde\u00a0\u00a0La Naci\u00f3nAdorni declarar\u00eda una herencia de su padre para explicar sus gastos de lujo\u00a0\u00a0BAE Negocios<\/div><\/li><li class='wp-block-rss__item'><div class='wp-block-rss__item-title'><a href='https:\/\/news.google.com\/rss\/articles\/CBMipwFBVV95cUxOU1l4NWJrNXBiY3FkMVlsNzJQak9fUVE1ektVZEplalhqWWtsbXNWQUV2M2NMU3ZSOWNhVzFwMS1kTmhVaTQ3dk5Od2lseFcxV2dkUUg5RG5pVmdXMUxLNF9aWUtIRTc0LVcwejBJbmprQ0NzY1gyNjZBYkJkN25fQUVZTEhYWlAyWWpGVWZPd3ZudExwaE9Ya1RFN3Fka3RTd1BBbzMxUQ?oc=5'>Ya investigan m\u00e1s de 100 amenazas en colegios de C\u00f3rdoba y suman 8 los adolescentes imputados &#8211; La Voz del Interior<\/a><\/div><time datetime=\"\" class=\"wp-block-rss__item-publish-date\">17 abril, 2026<\/time> <div class=\"wp-block-rss__item-excerpt\">Ya investigan m\u00e1s de 100 amenazas en colegios de C\u00f3rdoba y suman 8 los adolescentes imputados\u00a0\u00a0La Voz del InteriorNo pod\u00e9s dejar de pensarlo\u00a0\u00a0La Naci\u00f3n\u201cMa\u00f1ana tiroteo\u201d: la Justicia de San Isidro recibi\u00f3 una ola de 600 denuncias por amenazas de masacres escolares en 48 horas\u00a0\u00a0InfobaeHay 8 menores imputados por amenazas y recorren escuelas para advertir que \u201ces un delito grave\u201d\u00a0\u00a0ElDoce.tvSoledad e hiperconectividad: qu\u00e9 hay detr\u00e1s de las amenazas de tiroteos en las escuelas\u00a0\u00a0P\u00e1gina|12<\/div><\/li><li class='wp-block-rss__item'><div class='wp-block-rss__item-title'><a href='https:\/\/news.google.com\/rss\/articles\/CBMi3gFBVV95cUxOVkZLYnBReWdLc3d4aDQzY1JPbDE0bEhJX3BYUlh0VDF1d2JaRGpGTDRuSEZneDE1RVVvTE5MZkNBcE53ZGgxSzJhQXlmZDBscVh3MVFsdG5HZXMxa2J3M2tEWURkUFoxa0Z2Z3BhTGtjSG5GQVJtZjNwMFBOZ3h2bmxVS0JZVlZ6S1lSTFU2RkNvdnpQVEZta01JU1lkanpZNHF1cnVQcWpjc1V3RTViZ2NHelJVN2lkSFlhNTctamhRUVk2c3kzTFY0RFQtX2lKem9ZMFdvZ01QbVRwUkHSAfIBQVVfeXFMUDZlWWI5WllURFNKUm1tRE5TUmRCdUt1ZThvNEpyMFRyOFNQM0xuN1VlQXdWVVgzZWhjTVF5ZlFFaWQ0cTluNExMaVVMMW15VktKQkYyckZLNjB0S0hKSHY4QUVGakgxMmFGTXJudkFiMDJQU2MzSm9VTmRtMGdYZTM0VGpOWHNvYkdmb3plWEhuemZSbjJxQ1VUamhybU9fUEhkLTlxVXlpWGdhN3BvQWtQMFFJa21jcnVZcklkNE9McXdwanludmJ4UGl1eHk2TzM3N0RKU3JRZTQ5UENqTjhJUWN3VXYyT1l3bVp3bVpXZkE?oc=5'>Muerte de la nena de 4 a\u00f1os en Salta: qu\u00e9 revel\u00f3 la autopsia al cuerpo de la menor &#8211; TN<\/a><\/div><time datetime=\"\" class=\"wp-block-rss__item-publish-date\">17 abril, 2026<\/time> <div class=\"wp-block-rss__item-excerpt\">Muerte de la nena de 4 a\u00f1os en Salta: qu\u00e9 revel\u00f3 la autopsia al cuerpo de la menor\u00a0\u00a0TNUn hombre llev\u00f3 a atenci\u00f3n a una nena con signos de maltrato y cuando supo que estaba muerta, se suicid\u00f3\u00a0\u00a0P\u00e1gina|12Una nena de cuatro a\u00f1os muri\u00f3 por asfixia y su pap\u00e1 se suicid\u00f3 adelante de los m\u00e9dicos: el horror detr\u00e1s de la tragedia\u00a0\u00a0eltrecetvUna nena lleg\u00f3 muerta al hospital y su pap\u00e1 se suicid\u00f3 frente a los m\u00e9dicos: el horror que revel\u00f3 la autopsia\u00a0\u00a0LM Neuqu\u00e9nMuri\u00f3 una nena de 4 a\u00f1os por asfixia y su padre se quit\u00f3 la vida delante de los m\u00e9dicos\u00a0\u00a0Radio Mitre<\/div><\/li><li class='wp-block-rss__item'><div class='wp-block-rss__item-title'><a href='https:\/\/news.google.com\/rss\/articles\/CBMi8wFBVV95cUxORkNFZ2Y0enM3MGRRMm9OQ2JBdDdSLU1RWVkyRVdSdW5hM2J6emo1U0dYc0hJclp3YjQzQV83MjVIOWJ4anZhdWxrTWVKVUFIVkVjY1VsTnRVLWx0RFRFRlFTU0NyWWJ0Y2VQLVI0c04yMmdsdTdlNk5RQWpUY1RvdTNRYllUendsUkJWN29adXh5d2dlMW5IbGxIenJuRkN4X1FSR3NOcVdjNHFuTmRDMWdqRUpoMVJiUk9oTFBxZVhGb1U3QXQwVjJvR0RBT2hheEszaEhzbkFCTmRsOTZWQVZOSmlycGVpQmtWVS00OHY5eUXSAY4CQVVfeXFMTlY5VXo0ZFFZeDlJQUJFVG5jLUNLcHNlZWczLWJmVE5Kem03Rl96Z09XLUZoT19hZVQ0bmtQTVM0VVl1a2tmN0d0Ynk2c3RqTnNYRDREOG43Z1U4TFdZbWdPUUNXaFlUMnZremt1NTdLanFNNnFPVEpjLWxSOXNrMkkwMWlXa0czZWRad0Y2QkZhWG90UDhfT0QyeE40bnJWNXlkenpKUkJrX014UVkzdG5LcXN6ZmxjTy15M2pqV0xvamVXNDdQcV9FX2FCNXE1VFozR3lZRUtMSDBtN3BQUkptYU9rV003LW9FZmtOWTRuTWx2RERDY1liY1ZacEMtNjdQSGx4c25reEtvRmxn?oc=5'>\u201cCierren ya el local\u201d: la asfixia impositiva que llev\u00f3 a la \u201cH&amp;M argentina\u201d a bajar la persiana en una ciudad del interior &#8211; Infobae<\/a><\/div><time datetime=\"\" class=\"wp-block-rss__item-publish-date\">17 abril, 2026<\/time> <div class=\"wp-block-rss__item-excerpt\">\u201cCierren ya el local\u201d: la asfixia impositiva que llev\u00f3 a la \u201cH&amp;M argentina\u201d a bajar la persiana en una ciudad del interior\u00a0\u00a0InfobaeLe Utthe: el plan de la \u201cH&amp;M argentina\u201d para enfrentar la ca\u00edda del consumo\u00a0\u00a0La Naci\u00f3nLe Utthe cierra su sucursal en Posadas por la asfixia impositiva pero busca ampliarse en otras ciudades\u00a0\u00a0Bragado InformaLe Utthe cerr\u00f3 en Misiones: \u00bfqu\u00e9 puede pasar en Mendoza?\u00a0\u00a0elnueve.comUna famosa cadena de indumentaria con sucursales en Mar del Plata cierra locales en el interior del pa\u00eds por la ca\u00edda de ventas\u00a0\u00a00223.com.ar<\/div><\/li><\/ul><p>Hits: 0<\/p>","protected":false},"excerpt":{"rendered":"<p>Hits: 0<\/p>\n","protected":false},"author":1,"featured_media":0,"parent":0,"menu_order":0,"comment_status":"closed","ping_status":"closed","template":"","meta":{"om_disable_all_campaigns":false,"_monsterinsights_skip_tracking":false,"_monsterinsights_sitenote_active":false,"_monsterinsights_sitenote_note":"","_monsterinsights_sitenote_category":0},"_links":{"self":[{"href":"http:\/\/elirreverente.locomociontv.org\/index.php?rest_route=\/wp\/v2\/pages\/21962"}],"collection":[{"href":"http:\/\/elirreverente.locomociontv.org\/index.php?rest_route=\/wp\/v2\/pages"}],"about":[{"href":"http:\/\/elirreverente.locomociontv.org\/index.php?rest_route=\/wp\/v2\/types\/page"}],"author":[{"embeddable":true,"href":"http:\/\/elirreverente.locomociontv.org\/index.php?rest_route=\/wp\/v2\/users\/1"}],"replies":[{"embeddable":true,"href":"http:\/\/elirreverente.locomociontv.org\/index.php?rest_route=%2Fwp%2Fv2%2Fcomments&post=21962"}],"version-history":[{"count":1,"href":"http:\/\/elirreverente.locomociontv.org\/index.php?rest_route=\/wp\/v2\/pages\/21962\/revisions"}],"predecessor-version":[{"id":21964,"href":"http:\/\/elirreverente.locomociontv.org\/index.php?rest_route=\/wp\/v2\/pages\/21962\/revisions\/21964"}],"wp:attachment":[{"href":"http:\/\/elirreverente.locomociontv.org\/index.php?rest_route=%2Fwp%2Fv2%2Fmedia&parent=21962"}],"curies":[{"name":"wp","href":"https:\/\/api.w.org\/{rel}","templated":true}]}}